{"id":2,"date":"2017-03-01T17:12:31","date_gmt":"2017-03-01T16:12:31","guid":{"rendered":"http:\/\/pluennenkreuzer.de\/wordpress\/?page_id=2"},"modified":"2021-12-01T20:04:43","modified_gmt":"2021-12-01T19:04:43","slug":"rausundweg","status":"publish","type":"page","link":"http:\/\/pluennenkreuzer.de\/wordpress\/rausundweg\/","title":{"rendered":"raus&#038;weg-Blog?"},"content":{"rendered":"<p>Dieser Blog ist Nachfolger und Erg\u00e4nzung des &#8222;<a href=\"http:\/\/www.pluennenkreuzer.de\/\">Pl\u00fcnnenkreuzer<\/a>&#8220; &#8211; der bisherigen Website \u00fcber meine Outdoor-Aktivit\u00e4ten.<\/p>\n<figure id=\"attachment_394\" aria-describedby=\"caption-attachment-394\" style=\"width: 800px\" class=\"wp-caption aligncenter\"><img data-recalc-dims=\"1\" loading=\"lazy\" decoding=\"async\" data-attachment-id=\"394\" data-permalink=\"http:\/\/pluennenkreuzer.de\/wordpress\/?attachment_id=394\" data-orig-file=\"https:\/\/i0.wp.com\/pluennenkreuzer.de\/wordpress\/wp-content\/uploads\/2017\/03\/DSC08782_800-1.jpg?fit=800%2C600\" data-orig-size=\"800,600\" data-comments-opened=\"0\" data-image-meta=\"{&quot;aperture&quot;:&quot;3.5&quot;,&quot;credit&quot;:&quot;&quot;,&quot;camera&quot;:&quot;DSC-H20&quot;,&quot;caption&quot;:&quot;&quot;,&quot;created_timestamp&quot;:&quot;1441179560&quot;,&quot;copyright&quot;:&quot;&quot;,&quot;focal_length&quot;:&quot;6.3&quot;,&quot;iso&quot;:&quot;80&quot;,&quot;shutter_speed&quot;:&quot;0.0025&quot;,&quot;title&quot;:&quot;&quot;,&quot;orientation&quot;:&quot;1&quot;}\" data-image-title=\"DSC08782_800\" data-image-description=\"\" data-image-caption=\"\" data-large-file=\"https:\/\/i0.wp.com\/pluennenkreuzer.de\/wordpress\/wp-content\/uploads\/2017\/03\/DSC08782_800-1.jpg?fit=525%2C394\" class=\"wp-image-394 size-full\" src=\"https:\/\/i0.wp.com\/pluennenkreuzer.de\/wordpress\/wp-content\/uploads\/2017\/03\/DSC08782_800-1.jpg?resize=525%2C394\" alt=\"\" width=\"525\" height=\"394\" srcset=\"https:\/\/i0.wp.com\/pluennenkreuzer.de\/wordpress\/wp-content\/uploads\/2017\/03\/DSC08782_800-1.jpg?w=800 800w, https:\/\/i0.wp.com\/pluennenkreuzer.de\/wordpress\/wp-content\/uploads\/2017\/03\/DSC08782_800-1.jpg?resize=200%2C150 200w, https:\/\/i0.wp.com\/pluennenkreuzer.de\/wordpress\/wp-content\/uploads\/2017\/03\/DSC08782_800-1.jpg?resize=768%2C576 768w\" sizes=\"auto, (max-width: 767px) 89vw, (max-width: 1000px) 54vw, (max-width: 1071px) 543px, 580px\" \/><figcaption id=\"caption-attachment-394\" class=\"wp-caption-text\">2015 &#8211; Auf der Via Francigena am Genfer See<\/figcaption><\/figure>\n<p>Ich werde hier \u00fcber Dinge mit Outdoorbezug berichten, die mich besch\u00e4ftigen, bisher aber nicht oder noch nicht Eingang in meine Website fanden. Berichte von unterwegs auf Tour, Camping, Ideen zum MYOG, verwendetes Equipment, Basteleien, Erfahrungen und, und, und &#8230;<br \/>\nDabei ist mir wichtig, m\u00f6glichst aktuell zu ver\u00f6ffentlichen.<br \/>\nBilder sind hilfreich, Berichtetes plastisch werden\u00a0 zu lassen. Es wird in den Beitr\u00e4gen reichlich davon geben &#8211; je nach Bedarf im Text eingebettet oder als Gallerie.<br \/>\nDie WordPress-Welt bietet mir deutlich mehr komfortable und vor allem Zeit sparende Editierm\u00f6glichkeiten, als die &#8222;klassische&#8220; HTML-Welt beim &#8222;Pl\u00fcnnenkreuzer&#8220;. \u00dcber die Jahre nahm der Aufwand f\u00fcr die Pflege der Website immer mehr zu. Neue Berichte kosteten zu viel Zeit und es dauert oft zu lange, bis ich sie ver\u00f6ffentlichte &#8211; wenn \u00fcberhaupt.<\/p>\n<figure id=\"attachment_522\" aria-describedby=\"caption-attachment-522\" style=\"width: 250px\" class=\"wp-caption alignleft\"><img data-recalc-dims=\"1\" loading=\"lazy\" decoding=\"async\" data-attachment-id=\"522\" data-permalink=\"http:\/\/pluennenkreuzer.de\/wordpress\/rausundweg\/foto-von-hartmut\/\" data-orig-file=\"https:\/\/i0.wp.com\/pluennenkreuzer.de\/wordpress\/wp-content\/uploads\/2017\/03\/Foto-von-Hartmut.jpg?fit=1600%2C1200\" data-orig-size=\"1600,1200\" data-comments-opened=\"0\" data-image-meta=\"{&quot;aperture&quot;:&quot;0&quot;,&quot;credit&quot;:&quot;&quot;,&quot;camera&quot;:&quot;&quot;,&quot;caption&quot;:&quot;&quot;,&quot;created_timestamp&quot;:&quot;0&quot;,&quot;copyright&quot;:&quot;&quot;,&quot;focal_length&quot;:&quot;0&quot;,&quot;iso&quot;:&quot;0&quot;,&quot;shutter_speed&quot;:&quot;0&quot;,&quot;title&quot;:&quot;&quot;,&quot;orientation&quot;:&quot;1&quot;}\" data-image-title=\"Foto von Hartmut\" data-image-description=\"\" data-image-caption=\"\" data-large-file=\"https:\/\/i0.wp.com\/pluennenkreuzer.de\/wordpress\/wp-content\/uploads\/2017\/03\/Foto-von-Hartmut.jpg?fit=525%2C394\" class=\"wp-image-522 size-medium\" src=\"https:\/\/i0.wp.com\/pluennenkreuzer.de\/wordpress\/wp-content\/uploads\/2017\/03\/Foto-von-Hartmut.jpg?resize=250%2C188\" alt=\"\" width=\"250\" height=\"188\" srcset=\"https:\/\/i0.wp.com\/pluennenkreuzer.de\/wordpress\/wp-content\/uploads\/2017\/03\/Foto-von-Hartmut.jpg?resize=250%2C188 250w, https:\/\/i0.wp.com\/pluennenkreuzer.de\/wordpress\/wp-content\/uploads\/2017\/03\/Foto-von-Hartmut.jpg?resize=768%2C576 768w, https:\/\/i0.wp.com\/pluennenkreuzer.de\/wordpress\/wp-content\/uploads\/2017\/03\/Foto-von-Hartmut.jpg?resize=1024%2C768 1024w, https:\/\/i0.wp.com\/pluennenkreuzer.de\/wordpress\/wp-content\/uploads\/2017\/03\/Foto-von-Hartmut.jpg?w=1600 1600w\" sizes=\"auto, (max-width: 250px) 100vw, 250px\" \/><figcaption id=\"caption-attachment-522\" class=\"wp-caption-text\">2010 &#8211; Mit Claudia bei Lands End<\/figcaption><\/figure>\n<p>Wer ist eigentlich &#8222;ich&#8220;? Ich bin <span style=\"color: #000000;\">Hartmut aus L\u00fc<\/span>beck, kurz HAL, etwas \u00e4lteren Semesters und gerne immer wieder zu Fu\u00df, mit Faltboot, Fahrrad und Zelt unterwegs. Oft allein aber am liebsten mit Claudia, meiner Gef\u00e4hrtin auf vielen Wegen.<\/p>\n<p>Ich entwerfe, baue, bastel, repariere und n\u00e4he mir Teile meines Equipments selbst und berichte auch gern davon. \u00dcberhaupt macht es mir Spa\u00df, Tipps und Erfahrungen weiter zu geben, zumal ich viel von anderen profitiert habe, die dies im Web auch tun.<\/p>\n<p>Und nach Backpacking. Kayaking und Radreisen kommt jetzt als ganz neuer Themenbereich mein VW-Caddy Mini-Camper, genannt &#8222;Schneckchen&#8220; hinzu. Ich berichte dort \u00fcber den Ausbau meines Caddys und sp\u00e4ter auch \u00fcber die Reisen, die ich damit durchf\u00fchren will und werde.<\/p>\n<p>Ein Wort noch zum Thema Transparenz. Ich habe keinerlei Gesch\u00e4ftsbeziehungen zu irgendwelchen H\u00e4ndlern, Herstellern oder dergleichen und nehme daher z.B. auch nicht an sogenannten &#8222;Partnerprogrammen&#8220; teil. Die Seite ist vollkommen nichtkommerziell. Alle von mir gesetzten Links sollen ausschlie\u00dflich zu weiterf\u00fchrenden Informationen f\u00fchren.<\/p>\n<p><span style=\"font-size: 1rem;\">Nun also viel Spa\u00df mit d<\/span>em &#8222;raus&amp;weg-Blog&#8220;. !<\/p>\n<p>HAL &#8211; <strong>H<\/strong>artmut <strong>A<\/strong>us <strong>L<\/strong>\u00fcbeck<\/p>\n","protected":false},"excerpt":{"rendered":"<p>Dieser Blog ist Nachfolger und Erg\u00e4nzung des &#8222;Pl\u00fcnnenkreuzer&#8220; &#8211; der bisherigen Website \u00fcber meine Outdoor-Aktivit\u00e4ten. Ich werde hier \u00fcber Dinge mit Outdoorbezug berichten, die mich besch\u00e4ftigen, bisher aber nicht oder noch nicht Eingang in meine Website fanden. Berichte von unterwegs auf Tour, Camping, Ideen zum MYOG, verwendetes Equipment, Basteleien, Erfahrungen und, und, und &#8230; Dabei &hellip; <\/p>\n<p class=\"link-more\"><a href=\"http:\/\/pluennenkreuzer.de\/wordpress\/rausundweg\/\" class=\"more-link\"><span class=\"screen-reader-text\">\u201eraus&#038;weg-Blog?\u201c <\/span>weiterlesen<\/a><\/p>\n","protected":false},"author":1,"featured_media":0,"parent":0,"menu_order":0,"comment_status":"closed","ping_status":"open","template":"","meta":{"advgb_blocks_editor_width":"","advgb_blocks_columns_visual_guide":"","jetpack_post_was_ever_published":false,"footnotes":""},"class_list":["post-2","page","type-page","status-publish","hentry"],"coauthors":[],"author_meta":{"author_link":"http:\/\/pluennenkreuzer.de\/wordpress\/author\/hal23562\/","display_name":"hal23562"},"relative_dates":{"created":"Ver\u00f6ffentlicht 9\u00a0Jahren vor","modified":"Aktualisiert 4\u00a0Jahren vor"},"absolute_dates":{"created":"Ver\u00f6ffentlicht am 1. M\u00e4rz 2017","modified":"Aktualisiert am 1. Dezember 2021"},"absolute_dates_time":{"created":"Ver\u00f6ffentlicht am 1. M\u00e4rz 2017 17:12","modified":"Aktualisiert am 1. Dezember 2021 20:04"},"featured_img_caption":"","featured_img":false,"series_order":"","jetpack_shortlink":"https:\/\/wp.me\/P8YOGW-2","jetpack_likes_enabled":true,"jetpack_sharing_enabled":true,"_links":{"self":[{"href":"http:\/\/pluennenkreuzer.de\/wordpress\/wp-json\/wp\/v2\/pages\/2","targetHints":{"allow":["GET"]}}],"collection":[{"href":"http:\/\/pluennenkreuzer.de\/wordpress\/wp-json\/wp\/v2\/pages"}],"about":[{"href":"http:\/\/pluennenkreuzer.de\/wordpress\/wp-json\/wp\/v2\/types\/page"}],"author":[{"embeddable":true,"href":"http:\/\/pluennenkreuzer.de\/wordpress\/wp-json\/wp\/v2\/users\/1"}],"replies":[{"embeddable":true,"href":"http:\/\/pluennenkreuzer.de\/wordpress\/wp-json\/wp\/v2\/comments?post=2"}],"version-history":[{"count":35,"href":"http:\/\/pluennenkreuzer.de\/wordpress\/wp-json\/wp\/v2\/pages\/2\/revisions"}],"predecessor-version":[{"id":7088,"href":"http:\/\/pluennenkreuzer.de\/wordpress\/wp-json\/wp\/v2\/pages\/2\/revisions\/7088"}],"wp:attachment":[{"href":"http:\/\/pluennenkreuzer.de\/wordpress\/wp-json\/wp\/v2\/media?parent=2"}],"curies":[{"name":"wp","href":"https:\/\/api.w.org\/{rel}","templated":true}]}}