{"id":66,"date":"2017-03-02T11:23:34","date_gmt":"2017-03-02T10:23:34","guid":{"rendered":"http:\/\/pluennenkreuzer.de\/wordpress\/?page_id=66"},"modified":"2023-06-10T21:40:27","modified_gmt":"2023-06-10T19:40:27","slug":"impressum","status":"publish","type":"page","link":"http:\/\/pluennenkreuzer.de\/wordpress\/impressum\/","title":{"rendered":"Impressum"},"content":{"rendered":"<p data-adtags-visited=\"true\"><strong>Angaben gem\u00e4\u00df \u00a7 5 TMG:<br \/>\n<\/strong>Hartmut Henkel<br \/>\nSiegfriedstra\u00dfe 64<br \/>\n23562 L\u00fcbeck<br \/>\nE-Mail: 111252(at)gmx.net<\/p>\n<p data-adtags-visited=\"true\"><strong>Haftungsausschluss<\/strong> (Disclaimer)<strong>:<\/strong><br \/>\n<strong>Haftung f\u00fcr Inhalte<\/strong><br \/>\nAls Diensteanbieter bin ich gem\u00e4\u00df \u00a7 7 Abs.1 TMG f\u00fcr eigene Inhalte auf diesen Seiten nach den allgemeinen Gesetzen verantwortlich. Nach \u00a7\u00a7 8 bis 10 TMG bin ich als Diensteanbieter jedoch nicht verpflichtet, \u00fcbermittelte oder gespeicherte fremde Informationen zu \u00fcberwachen oder nach Umst\u00e4nden zu forschen, die auf eine\u00a0 rechtswidrige T\u00e4tigkeit hinweisen.<br \/>\nVerpflichtungen zur Entfernung oder Sperrung der Nutzung von Informationen nach den allgemeinen Gesetzen bleiben hiervon unber\u00fchrt. Eine diesbez\u00fcgliche Haftung ist jedoch erst ab dem Zeitpunkt der Kenntnis einer konkreten Rechtsverletzung m\u00f6glich. Bei Bekanntwerden von entsprechenden Rechtsverletzungen werde ich diese Inhalte umgehend entfernen.<br \/>\n<strong>Haftung f\u00fcr Links<\/strong><br \/>\nMein Angebot enth\u00e4lt Links zu externen Webseiten Dritter, auf deren Inhalte ich keinen Einfluss habe. Deshalb kann ich f\u00fcr diese fremden Inhalte auch keine Gew\u00e4hr \u00fcbernehmen. F\u00fcr die Inhalte der verlinkten Seiten ist stets der jeweilige Anbieter oder Betreiber der Seiten verantwortlich. Die verlinkten Seiten wurden zum Zeitpunkt der Verlinkung auf m\u00f6gliche Rechtsverst\u00f6\u00dfe \u00fcberpr\u00fcft. Rechtswidrige Inhalte waren zum Zeitpunkt der Verlinkung nicht erkennbar.<br \/>\nEine permanente inhaltliche Kontrolle der verlinkten Seiten ist jedoch ohne konkrete Anhaltspunkte einer Rechtsverletzung nicht zumutbar. Bei Bekanntwerden von Rechtsverletzungen werde ich derartige Links umgehend entfernen.<br \/>\n<strong>Urheberrecht<\/strong><br \/>\nDie durch die Seitenbetreiber erstellten Inhalte und Werke auf diesen Seiten unterliegen dem deutschen Urheberrecht. Die Vervielf\u00e4ltigung, Bearbeitung, Verbreitung und jede Art der Verwertung au\u00dferhalb der Grenzen des Urheberrechtes bed\u00fcrfen der schriftlichen Zustimmung des jeweiligen Autors bzw. Erstellers.<br \/>\nDownloads und Kopien dieser Seite sind nur f\u00fcr den privaten, nicht kommerziellen Gebrauch gestattet.<br \/>\nSoweit die Inhalte auf dieser Seite nicht vom Betreiber erstellt wurden, werden die Urheberrechte Dritter beachtet. Insbesondere werden Inhalte Dritter als solche gekennzeichnet. Sollten Sie trotzdem auf eine Urheberrechtsverletzung aufmerksam werden, bitte ich um einen entsprechenden Hinweis. Bei Bekanntwerden von Rechtsverletzungen werde ich derartige Inhalte umgehend entfernen.<\/p>\n<p data-adtags-visited=\"true\"><strong>Als rein privater Betreiber dieser 100% nicht kommerziellen Website mit kaum unmittelbaren Nutzerkontakt werde ich wohl nicht zu dem ganzen nachfolgenden K\u00e4se verpflichtet sein. Aber trotzdem, sicher ist sicher:<\/strong><\/p>\n<h3>DSGVO f\u00fcr Raus &amp; Weg Blog<\/h3>\n<p data-adtags-visited=\"true\">Ich informiere Sie nachfolgend gem\u00e4\u00df den gesetzlichen Vorgaben des Datenschutzrechts (insb. gem\u00e4\u00df BDSG n.F. und der europ\u00e4ischen Datenschutz-Grundverordnung \u201aDS-GVO\u2018) \u00fcber die Art, den Umfang und Zweck der Verarbeitung personenbezogener Daten im Rahmen des Betriebs meines Blogs. Bez\u00fcglich der Definition von Begriffen wie etwa \u201epersonenbezogene Daten\u201c oder \u201eVerarbeitung\u201c verweise ich auf Art. 4 DS-GVO.<\/p>\n<p data-adtags-visited=\"true\"><strong>Name und Kontaktdaten des \/ der Verantwortlichen<\/strong><br \/>\nVerantwortlicher (nachfolgend \u201eVerantwortlicher\u201c) i.S.d. Art. 4 Zif. 7 DS-GVO ist:<\/p>\n<p data-adtags-visited=\"true\">Hartmut Henkel<br \/>\nSiegfriedstra\u00dfe 64<br \/>\n23562 L\u00fcbeck<br \/>\nE-Mail: 111252(at)gmx.net<\/p>\n<p data-adtags-visited=\"true\"><strong>Datenschutzbeauftragte\/r<\/strong><br \/>\nVerantwortlicher<\/p>\n<p data-adtags-visited=\"true\"><strong>Datenarten, Zwecke der Verarbeitung und Kategorien betroffener Personen<\/strong><\/p>\n<p data-adtags-visited=\"true\">Nachfolgend informieren wir Sie \u00fcber Art, Umfang und Zweck der Erhebung, Verarbeitung und Nutzung personenbezogener Daten.<\/p>\n<p id=\"inline-ad-1\" class=\"inline-ad-slot\" data-adtags-width=\"524\" data-adtags-visited=\"true\">\n<p data-adtags-visited=\"true\"><strong>1. Arten der Daten, die wir verarbeiten<\/strong><br \/>\nNutzungsdaten (Zugriffszeiten, besuchte Websites etc.), Bestandsdaten (Name, Adresse etc.), Kontaktdaten (Telefonnummer, E-Mail, Fax etc.), Vertragsdaten (Gegenstand des Vertrages, Laufzeit etc.), Inhaltsdaten (Texteingaben, Videos, Fotos etc.), Kommunikationsdaten (IP-Adresse etc.),<\/p>\n<p data-adtags-visited=\"true\"><strong>2. Zwecke der Verarbeitung nach Art. 13 Abs. 1 c) DS-GVO<\/strong><br \/>\nWebsite technisch und wirtschaftlich optimieren, Leichten Zugang zur Website erm\u00f6glichen, Erf\u00fcllung gesetzlicher Aufbewahrungspflichten, Optimierung und statistische Auswertung unserer Dienste, Nutzererfahrung verbessern, Website benutzerfreundlich gestalten, Erstellung von Statistiken,Vermeidung von SPAM und Missbrauch, Kontaktanfragen abwickeln, Websites mit Funktionen und Inhalten bereitstellen, Ma\u00dfnahmen der Sicherheit, Unterbrechungsfreier,sicherer Betrieb meiner Website,<\/p>\n<p data-adtags-visited=\"true\"><strong>3. Kategorien der betroffenen Personen nach Art. 13 Abs. 1 e) DS-GVO<\/strong><br \/>\nBesucher\/Nutzer der Website<br \/>\nDie betroffenen Personen werden zusammenfassend als \u201eNutzer\u201c bezeichnet.<\/p>\n<p data-adtags-visited=\"true\"><strong>Rechtsgrundlagen der Verarbeitung personenbezogener Daten<\/strong><\/p>\n<p data-adtags-visited=\"true\">Nachfolgend Informieren ich Sie \u00fcber die Rechtsgrundlagen der Verarbeitung personenbezogener Daten:<\/p>\n<ol>\n<li>Wenn ich Ihre Einwilligung f\u00fcr die Verarbeitung personenbezogenen Daten eingeholt haben, ist Art. 6 Abs. 1 S. 1 lit. a) DS-GVO Rechtsgrundlage.<\/li>\n<li>Ist die Verarbeitung zur Erf\u00fcllung eines Vertrags oder zur Durchf\u00fchrung vorvertraglicher Ma\u00dfnahmen erforderlich, die auf Ihre Anfrage hin erfolgen, so ist Art. 6 Abs. 1 S. 1 lit. b) DS-GVO Rechtsgrundlage.<\/li>\n<li>Ist die Verarbeitung zur Erf\u00fcllung einer rechtlichen Verpflichtung erforderlich, der ich unterliege (z.B. gesetzliche Aufbewahrungspflichten), so ist Art. 6 Abs. 1 S. 1 lit. c) DS-GVO Rechtsgrundlage.<\/li>\n<li>Ist die Verarbeitung erforderlich, um lebenswichtige Interessen der betroffenen Person oder einer anderen nat\u00fcrlichen Person zu sch\u00fctzen, so ist Art. 6 Abs. 1 S. 1 lit. d) DS-GVO Rechtsgrundlage.<\/li>\n<li>Ist die Verarbeitung zur Wahrung meiner oder der berechtigten Interessen eines Dritten erforderlich und \u00fcberwiegen diesbez\u00fcglich Ihre Interessen oder Grundrechte und Grundfreiheiten nicht, so ist Art. 6 Abs. 1 S. 1 lit. f) DS-GVO Rechtsgrundlage.<\/li>\n<\/ol>\n<p data-adtags-visited=\"true\"><strong>Weitergabe personenbezogener Daten an Dritte und Auftragsverarbeiter<\/strong><\/p>\n<p data-adtags-visited=\"true\">Ohne Ihre Einwilligung gebe ich grunds\u00e4tzlich keine Daten an Dritte weiter. Sollte dies doch der Fall sein, dann erfolgt die Weitergabe auf der Grundlage der zuvor genannten Rechtsgrundlagen z.B. bei der Weitergabe von Daten an Online-Paymentanbieter zur Vertragserf\u00fcllung oder aufgrund gerichtlicher Anordnung oder wegen einer gesetzlichen Verpflichtung zur Herausgabe der Daten zum Zwecke der Strafverfolgung, zur Gefahrenabwehr oder zur Durchsetzung der Rechte am geistigen Eigentum.<br \/>\nIch setze zudem Auftragsverarbeiter (externe Dienstleister z.B. zum Webhosting meiner Websites und Datenbanken) zur Verarbeitung Ihrer Daten ein. Wenn im Rahmen einer Vereinbarung zur Auftragsverarbeitung an die Auftragsverarbeiter Daten weitergegeben werden, erfolgt dies immer nach Art. 28 DS-GVO. Ich w\u00e4hle dabei meine Auftragsverarbeiter sorgf\u00e4ltig aus, kontrollieren diese regelm\u00e4\u00dfig und habe mir ein Weisungsrecht hinsichtlich der Daten einr\u00e4umen lassen. Zudem m\u00fcssen die Auftragsverarbeiter geeignete technische und organisatorische Ma\u00dfnahmen getroffen haben und die Datenschutzvorschriften gem. BDSG n.F. und DS-GVO einhalten<\/p>\n<p><strong>Daten\u00fcbermittlung in Drittstaaten<\/strong><\/p>\n<p data-adtags-visited=\"true\">Durch die Verabschiedung der europ\u00e4ischen Datenschutz-Grundverordnung (DS-GVO) wurde eine einheitliche Grundlage f\u00fcr den Datenschutz in Europa geschaffen. Ihre Daten werden daher vorwiegend durch Unternehmen verarbeitet, f\u00fcr die DS-GVO Anwendung findet. Sollte doch die Verarbeitung durch Dienste Dritter au\u00dferhalb der Europ\u00e4ischen Union oder des Europ\u00e4ischen Wirtschaftsraums stattfinden, so m\u00fcssen diese die besonderen Voraussetzungen der Art. 44 ff. DS-GVO erf\u00fcllen. Das bedeutet, die Verarbeitung erfolgt aufgrund besonderer Garantien, wie etwa die von der EU-Kommission offiziell anerkannte Feststellung eines der EU entsprechenden Datenschutzniveaus oder der Beachtung offiziell anerkannter spezieller vertraglicher Verpflichtungen, der so genannten \u201eStandardvertragsklauseln\u201c. Bei US-Unternehmen erf\u00fcllt die Unterwerfung unter das sog. \u201ePrivacy-Shield\u201c, dem Datenschutzabkommen zwischen der EU und den USA, diese Voraussetzungen.<\/p>\n<p><strong>L\u00f6schung von Daten und Speicherdauer<\/strong><\/p>\n<p data-adtags-visited=\"true\">Sofern nicht in dieser Datenschutzerkl\u00e4rung ausdr\u00fccklich angegeben, werden Ihre personenbezogen Daten gel\u00f6scht oder gesperrt, sobald der Zweck f\u00fcr die Speicherung entf\u00e4llt, es sei denn deren weitere Aufbewahrung ist zu Beweiszwecken erforderlich oder dem stehen gesetzliche Aufbewahrungspflichten entgegenstehen. Darunter fallen etwa handelsrechtliche Aufbewahrungspflichten von Gesch\u00e4ftsbriefen nach \u00a7 257 Abs. 1 HGB (6 Jahre) sowie steuerrechtliche Aufbewahrungspflichten nach \u00a7 147 Abs. 1 AO von Belegen (10 Jahre). Wenn die vorgeschriebene Aufbewahrungsfrist abl\u00e4uft, erfolgt eine Sperrung oder L\u00f6schung Ihrer Daten, es sei denn die Speicherung ist weiterhin f\u00fcr einen Vertragsabschluss oder zur Vertragserf\u00fcllung erforderlich.<\/p>\n<p><strong>Bestehen einer automatisierten Entscheidungsfindung<\/strong><\/p>\n<p data-adtags-visited=\"true\">Ich setze keine automatische Entscheidungsfindung oder ein Profiling ein.<\/p>\n<p><strong>Bereitstellung meiner Website und Erstellung von Logfiles<\/strong><\/p>\n<ol>\n<li>Wenn Sie meine Webseite lediglich informatorisch nutzen (also keine Registrierung und auch keine anderweitige \u00dcbermittlung von Informationen), erhebe ich nur die personenbezogenen Daten, die Ihr Browser an den Server meines Hosters \u00fcbermittelt. Wenn Sie meine Website betrachten m\u00f6chten, erhebe ich die folgenden Daten:\u2022 IP-Adresse;<br \/>\n\u2022 Internet-Service-Provider des Nutzers;<br \/>\n\u2022 Datum und Uhrzeit des Abrufs;<br \/>\n\u2022 Browsertyp;<br \/>\n\u2022 Sprache und Browser-Version;<br \/>\n\u2022 Inhalt des Abrufs;<br \/>\n\u2022 Zeitzone;<br \/>\n\u2022 Zugriffsstatus\/HTTP-Statuscode;<br \/>\n\u2022 Datenmenge;<br \/>\n\u2022 Websites, von denen die Anforderung kommt;<br \/>\n\u2022 Betriebssystem.<br \/>\nEine Speicherung dieser Daten zusammen mit anderen personenbezogenen Daten von Ihnen findet nicht statt.<\/li>\n<li>Diese Daten dienen dem Zweck der nutzerfreundlichen, funktionsf\u00e4higen und sicheren Auslieferung meiner Website an Sie mit Funktionen und Inhalten sowie deren Optimierung und statistischen Auswertung.<\/li>\n<li>Rechtsgrundlage hierf\u00fcr ist unser in den obigen Zwecken auch liegendes berechtigtes Interesse an der Datenverarbeitung nach Art. 6 Abs. 1 S.1 lit. f) DS-GVO.<\/li>\n<li>Ich speichere aus Sicherheitsgr\u00fcnden diese Daten in Server-Logfiles meines Hosters f\u00fcr die Speicherdauer von Tagen. Nach Ablauf dieser Frist werden diese automatisch gel\u00f6scht, es sei denn ich ben\u00f6tigen deren Aufbewahrung zu Beweiszwecken bei Angriffen auf die Serverinfrastruktur oder anderen Rechtsverletzungen.<\/li>\n<\/ol>\n<p data-adtags-visited=\"true\"><strong>Cookies<\/strong><\/p>\n<ol>\n<li>Wir verwenden keine sog. Cookies bei Ihrem Besuch meiner Website. Cookies sind kleine Textdateien, die Ihr Internet-Browser auf Ihrem Rechner ablegt und speichert. Wenn Sie eine Website erneut aufrufen, geben diese Cookies Informationen ab, um Sie automatisch wiederzuerkennen. Die so erlangten Informationen dienen dem Zweck, unsere Webangebote technisch und wirtschaftlich zu optimieren und Ihnen einen leichteren und sicheren Zugang auf eine Website zu erm\u00f6glichen. Dann werden sie beim Aufruf dieser Website dazu mittels eines Hinweises auf die Datenschutzerkl\u00e4rung \u00fcber die Verwendung von Cookies zu den zuvor genannten Zwecken informiert und wie Sie dieser widersprechen bzw. deren Speicherung verhindern k\u00f6nnen (\u201eOpt-out\u201c).\u00a0 M\u00f6glich sind folgende Cookies von Drittanbietern:<strong>\u2022 Session-Cookies:<\/strong> Dienen zum Wiedererkennen mehrfacher Nutzung eines Angebots durch denselben Nutzer (z.B. wenn Sie sich eingeloggt haben zur Feststellung Ihres Login-Status). Wenn Sie die Seite erneut aufrufen, geben diese Cookies Informationen ab, um Sie automatisch wiederzuerkennen. Die so erlangten Informationen dienen dazu, unsere Angebote zu optimieren und Ihnen einen leichteren Zugang auf besagte Seite zu erm\u00f6glichen. Wenn Sie den Browser schlie\u00dfen oder Sie sich ausloggen, werden die Session-Cookies gel\u00f6scht.\n<p><strong>\u2022 Persistente Cookies:<\/strong> Diese werden automatisiert nach einer vorgegebenen Dauer gel\u00f6scht, die sich je nach Cookie unterscheiden kann. In den Sicherheitseinstellungen Ihres Browsers k\u00f6nnen Sie die Cookies jederzeit l\u00f6schen.<\/p>\n<p><strong>\u2022 Cookies von Drittanbietern (Third-Party-Cookies):<\/strong> Entsprechend Ihren W\u00fcnschen k\u00f6nnen Sie Ihre Browser-Einstellung konfigurieren und z. B. die Annahme von Third-Party-Cookies oder allen Cookies ablehnen. An dieser Stelle wird jedoch darauf hingewiesen, dass Sie dann eventuell nicht alle Funktionen dieser Website nutzen k\u00f6nnen. Lesen Sie N\u00e4heres zu diesen Cookies bei den jeweiligen Datenschutzerkl\u00e4rungen zu den Drittanbietern.<\/li>\n<li>Rechtsgrundlage dieser Verarbeitung ist Art. 6 Abs. 1 S. lit. b) DS-GVO, wenn die Cookies zur Vertragsanbahnung z.B. bei Bestellungen gesetzt werden und ansonsten ein berechtigtes Interesse an der effektiven Funktionalit\u00e4t der Website besteht, so dass in dem Falle Art. 6 Abs. 1 S. 1 lit. f) DS-GVO Rechtsgrundlage ist.<\/li>\n<li><strong>Widerspruch und \u201eOpt-Out\u201c:<\/strong> Das Speichern von Cookies auf Ihrer Festplatte k\u00f6nnen Sie allgemein verhindern, indem Sie in Ihren Browser-Einstellungen \u201ekeine Cookies akzeptieren\u201c w\u00e4hlen. Dies kann aber eine Funktionseinschr\u00e4nkung unserer Angebote zur Folge haben. Sie k\u00f6nnen dem Einsatz von Cookies von Drittanbietern zu Werbezwecken \u00fcber ein sog. \u201eOpt-out\u201c \u00fcber diese amerikanische Website (<a href=\"https:\/\/optout.aboutads.info\" target=\"_blank\" rel=\"nofollow noopener\">https:\/\/optout.aboutads.info<\/a>) oder diese europ\u00e4ische Website (<a href=\"http:\/\/www.youronlinechoices.com\/de\/praferenzmanagement\/\" target=\"_blank\" rel=\"nofollow noopener\">http:\/\/www.youronlinechoices.com\/de\/praferenzmanagement\/<\/a>) widersprechen.<\/li>\n<\/ol>\n<p data-adtags-visited=\"true\"><strong>Nutzung meines Blogs<\/strong><\/p>\n<ol>\n<li>Voraussetzung f\u00fcr die Nutzung gibt es nicht.<\/li>\n<li>Bei Abgabe von Kommentaren m\u00fcssen die von WordPress geforderten Daten eingegeben werden. Ich behalte mir vor Kommentare ohne Begr\u00fcndung nicht zu ver\u00f6ffentlichen.<\/li>\n<li>Rechtsgrundlagen sind Art. 6 Abs. 1 S. 1 lit. b) und f) DS-GVO.<\/li>\n<\/ol>\n<p data-adtags-visited=\"true\"><strong>Kontaktaufnahme per Kontaktformular \/ E-Mail \/ Fax \/ Post<\/strong><\/p>\n<ol>\n<li>Bei der Kontaktaufnahme mit mir per Kontaktformular, Fax, Post oder E-Mail werden Ihre Angaben zum Zwecke der Abwicklung der Kontaktanfrage verarbeitet.<\/li>\n<li>Rechtsgrundlage f\u00fcr die Verarbeitung der Daten ist bei Vorliegen einer Einwilligung von Ihnen Art. 6 Abs. 1 S. 1 lit. a) DS-GVO. Rechtsgrundlage f\u00fcr die Verarbeitung der Daten, die im Zuge einer Kontaktanfrage oder E-Mail, eines Briefes oder Faxes \u00fcbermittelt werden, ist Art. 6 Abs. 1 S. 1 lit. f) DS-GVO. Der Verantwortliche hat ein berechtigtes Interesse an der Verarbeitung und Speicherung der Daten, um Anfragen der Nutzer beantworten zu k\u00f6nnen, zur Beweissicherung aus Haftungsgr\u00fcnden und um ggf. seiner gesetzlichen Aufbewahrungspflichten bei Gesch\u00e4ftsbriefen nachkommen zu k\u00f6nnen. Zielt der Kontakt auf den Abschluss eines Vertrages ab, so ist zus\u00e4tzliche Rechtsgrundlage f\u00fcr die Verarbeitung Art. 6 Abs. 1 S. 1 lit. b) DS-GVO.<\/li>\n<li>Die Daten werden gel\u00f6scht, sobald sie f\u00fcr die Erreichung des Zweckes ihrer Erhebung nicht mehr erforderlich sind. F\u00fcr die personenbezogenen Daten aus der Eingabemaske des Kontaktformulars und diejenigen, die per E-Mail \u00fcbersandt wurden, ist dies dann der Fall, wenn die jeweilige Konversation mit Ihnen beendet ist. Beendet ist die Konversation dann, wenn sich aus den Umst\u00e4nden entnehmen l\u00e4sst, dass der betroffene Sachverhalt abschlie\u00dfend gekl\u00e4rt ist.<\/li>\n<li>Sie haben jederzeit die M\u00f6glichkeit, die Einwilligung nach Art. 6 Abs. 1 S. 1 lit. a) DS-GVO zur Verarbeitung der personenbezogenen Daten zu widerrufen. Nehmen Sie per E-Mail Kontakt mit mir auf, so k\u00f6nnen Sie der Speicherung der personenbezogenen Daten jederzeit widersprechen.<\/li>\n<\/ol>\n<p data-adtags-visited=\"true\"><strong>Rechte der betroffenen Person<\/strong><\/p>\n<ol>\n<li><strong>Widerspruch oder Widerruf gegen die Verarbeitung Ihrer Daten<\/strong>Soweit die Verarbeitung auf Ihrer Einwilligung gem\u00e4\u00df Art. 6 Abs. 1 S. 1 lit. a), Art. 7 DS-GVO beruht, haben Sie das Recht, die Einwilligung jederzeit zu widerrufen. Die Rechtm\u00e4\u00dfigkeit der aufgrund der Einwilligung bis zum Widerruf erfolgten Verarbeitung wird dadurch nicht ber\u00fchrt.\n<p>Soweit ich die Verarbeitung Ihrer personenbezogenen Daten auf die Interessenabw\u00e4gung gem\u00e4\u00df Art. 6 Abs. 1 S. 1 lit. f) DS-GVO st\u00fctze, k\u00f6nnen Sie Widerspruch gegen die Verarbeitung einlegen. Dies ist der Fall, wenn die Verarbeitung insbesondere nicht zur Erf\u00fcllung eines Vertrags mit Ihnen erforderlich ist, was von uns jeweils bei der nachfolgenden Beschreibung der Funktionen dargestellt wird. Bei Aus\u00fcbung eines solchen Widerspruchs bitte ich um Darlegung der Gr\u00fcnde, weshalb ich Ihre personenbezogenen Daten nicht wie von mir durchgef\u00fchrt verarbeiten sollten. Im Falle Ihres begr\u00fcndeten Widerspruchs pr\u00fcfe ich die Sachlage und werde entweder die Datenverarbeitung einstellen bzw. anpassen oder Ihnen meine zwingenden schutzw\u00fcrdigen Gr\u00fcnde aufzeigen, aufgrund derer ich die Verarbeitung fortf\u00fchre.<\/p>\n<p>Sie k\u00f6nnen der Verarbeitung Ihrer personenbezogenen Daten f\u00fcr Zwecke der Werbung und Datenanalyse jederzeit widersprechen. Das Widerspruchsrecht k\u00f6nnen Sie kostenfrei aus\u00fcben. \u00dcber Ihren Werbewiderspruch k\u00f6nnen Sie mich unter folgenden Kontaktdaten informieren:<\/p>\n<p><strong>Hartmut Henkel<br \/>\nSiegfriedstra\u00dfe 64<br \/>\n23562 L\u00fcbeck<br \/>\nE-Mail: 111252(at)gmx.net<br \/>\n<\/strong><\/li>\n<li><strong>Recht auf Auskunft<\/strong><br \/>\nSie haben ein Recht auf Auskunft \u00fcber Ihre bei mir gespeicherten pers\u00f6nlichen Daten nach Art. 15 DS-GVO. Dies beinhaltet insbesondere die Auskunft \u00fcber die Verarbeitungszwecke, die Kategorie der personenbezogenen Daten, die Kategorien von Empf\u00e4ngern, gegen\u00fcber denen Ihre Daten offengelegt wurden oder werden, die geplante Speicherdauer, die Herkunft ihrer Daten, sofern diese nicht direkt bei Ihnen erhoben wurden.<\/li>\n<li><strong>Recht auf Berichtigung<\/strong><br \/>\nSie haben ein Recht auf Berichtigung unrichtiger oder auf Vervollst\u00e4ndigung richtiger Daten nach Art. 16 DS-GVO.<\/li>\n<li><strong>Recht auf L\u00f6schung<\/strong><br \/>\nSie haben ein Recht auf L\u00f6schung Ihrer bei mir gespeicherten Daten nach Art. 17 DS-GVO, es sei denn gesetzliche oder vertraglichen Aufbewahrungsfristen oder andere gesetzliche Pflichten bzw. Rechte zur weiteren Speicherung stehen dieser entgegen.<\/li>\n<li><strong>Recht auf Einschr\u00e4nkung<\/strong><br \/>\nSie haben das Recht, eine Einschr\u00e4nkung bei der Verarbeitung Ihrer personenbezogenen Daten zu verlangen, wenn eine der Voraussetzungen in Art. 18 Abs. 1 lit. a) bis d) DS-GVO erf\u00fcllt ist:<br \/>\n\u2022 Wenn Sie die Richtigkeit der Sie betreffenden personenbezogenen f\u00fcr eine Dauer bestreiten, die es dem Verantwortlichen erm\u00f6glicht, die Richtigkeit der personenbezogenen Daten zu \u00fcberpr\u00fcfen;<br \/>\n\u2022 die Verarbeitung unrechtm\u00e4\u00dfig ist und Sie die L\u00f6schung der personenbezogenen Daten ablehnen und stattdessen die Einschr\u00e4nkung der Nutzung der personenbezogenen Daten verlangen;<br \/>\n\u2022 der Verantwortliche die personenbezogenen Daten f\u00fcr die Zwecke der Verarbeitung nicht l\u00e4nger ben\u00f6tigt, Sie diese jedoch zur Geltendmachung, Aus\u00fcbung oder Verteidigung von Rechtsanspr\u00fcchen ben\u00f6tigen, oder<br \/>\n\u2022 wenn Sie Widerspruch gegen die Verarbeitung gem\u00e4\u00df Art. 21 Abs. 1 DS-GVO eingelegt haben und noch nicht feststeht, ob die berechtigten Gr\u00fcnde des Verantwortlichen gegen\u00fcber Ihren Gr\u00fcnden \u00fcberwiegen.<\/li>\n<li><strong>Recht auf Daten\u00fcbertragbarkeit<\/strong><br \/>\nSie haben ein Recht auf Daten\u00fcbertragbarkeit nach Art. 20 DS-GVO, was bedeutet, dass Sie die bei mir \u00fcber Sie gespeicherten personenbezogenen Daten in einem strukturierten, g\u00e4ngigen und maschinenlesbaren Format erhalten k\u00f6nnen oder die \u00dcbermittlung an einen anderen Verantwortlichen verlangen k\u00f6nnen.<\/li>\n<li><strong>Recht auf Beschwerde<\/strong><br \/>\nSie haben ein Recht auf Beschwerde bei einer Aufsichtsbeh\u00f6rde. In der Regel k\u00f6nnen Sie sich hierf\u00fcr an die Aufsichtsbeh\u00f6rde insbesondere in dem Mitgliedstaat ihres Aufenthaltsorts, ihres Arbeitsplatzes oder des Orts des mutma\u00dflichen Versto\u00dfes wenden.<\/li>\n<\/ol>\n<p data-adtags-visited=\"true\"><strong>Datensicherheit<\/strong><\/p>\n<p data-adtags-visited=\"true\">Um alle personenbezogen Daten, die an mich \u00fcbermittelt werden, zu sch\u00fctzen und um sicherzustellen, dass die Datenschutzvorschriften von mir, aber auch meinen externen Dienstleistern eingehalten werden, habe ich geeignete technische und organisatorische Sicherheitsma\u00dfnahmen getroffen. Deshalb werden unter anderem alle Daten zwischen Ihrem Browser und unserem Server \u00fcber eine sichere SSL-Verbindung verschl\u00fcsselt \u00fcbertragen.<\/p>\n","protected":false},"excerpt":{"rendered":"<p>Angaben gem\u00e4\u00df \u00a7 5 TMG: Hartmut Henkel Siegfriedstra\u00dfe 64 23562 L\u00fcbeck E-Mail: 111252(at)gmx.net Haftungsausschluss (Disclaimer): Haftung f\u00fcr Inhalte Als Diensteanbieter bin ich gem\u00e4\u00df \u00a7 7 Abs.1 TMG f\u00fcr eigene Inhalte auf diesen Seiten nach den allgemeinen Gesetzen verantwortlich. Nach \u00a7\u00a7 8 bis 10 TMG bin ich als Diensteanbieter jedoch nicht verpflichtet, \u00fcbermittelte oder gespeicherte fremde &hellip; <\/p>\n<p class=\"link-more\"><a href=\"http:\/\/pluennenkreuzer.de\/wordpress\/impressum\/\" class=\"more-link\"><span class=\"screen-reader-text\">\u201eImpressum\u201c <\/span>weiterlesen<\/a><\/p>\n","protected":false},"author":1,"featured_media":0,"parent":0,"menu_order":0,"comment_status":"closed","ping_status":"closed","template":"","meta":{"advgb_blocks_editor_width":"","advgb_blocks_columns_visual_guide":"","jetpack_post_was_ever_published":false,"footnotes":""},"class_list":["post-66","page","type-page","status-publish","hentry"],"coauthors":[],"author_meta":{"author_link":"http:\/\/pluennenkreuzer.de\/wordpress\/author\/hal23562\/","display_name":"hal23562"},"relative_dates":{"created":"Ver\u00f6ffentlicht 9\u00a0Jahren vor","modified":"Aktualisiert 3\u00a0Jahren vor"},"absolute_dates":{"created":"Ver\u00f6ffentlicht am 2. M\u00e4rz 2017","modified":"Aktualisiert am 10. Juni 2023"},"absolute_dates_time":{"created":"Ver\u00f6ffentlicht am 2. M\u00e4rz 2017 11:23","modified":"Aktualisiert am 10. Juni 2023 21:40"},"featured_img_caption":"","featured_img":false,"series_order":"","jetpack_shortlink":"https:\/\/wp.me\/P8YOGW-14","jetpack_likes_enabled":true,"jetpack_sharing_enabled":true,"_links":{"self":[{"href":"http:\/\/pluennenkreuzer.de\/wordpress\/wp-json\/wp\/v2\/pages\/66","targetHints":{"allow":["GET"]}}],"collection":[{"href":"http:\/\/pluennenkreuzer.de\/wordpress\/wp-json\/wp\/v2\/pages"}],"about":[{"href":"http:\/\/pluennenkreuzer.de\/wordpress\/wp-json\/wp\/v2\/types\/page"}],"author":[{"embeddable":true,"href":"http:\/\/pluennenkreuzer.de\/wordpress\/wp-json\/wp\/v2\/users\/1"}],"replies":[{"embeddable":true,"href":"http:\/\/pluennenkreuzer.de\/wordpress\/wp-json\/wp\/v2\/comments?post=66"}],"version-history":[{"count":7,"href":"http:\/\/pluennenkreuzer.de\/wordpress\/wp-json\/wp\/v2\/pages\/66\/revisions"}],"predecessor-version":[{"id":9421,"href":"http:\/\/pluennenkreuzer.de\/wordpress\/wp-json\/wp\/v2\/pages\/66\/revisions\/9421"}],"wp:attachment":[{"href":"http:\/\/pluennenkreuzer.de\/wordpress\/wp-json\/wp\/v2\/media?parent=66"}],"curies":[{"name":"wp","href":"https:\/\/api.w.org\/{rel}","templated":true}]}}