{"id":896,"date":"2017-05-11T15:38:12","date_gmt":"2017-05-11T13:38:12","guid":{"rendered":"http:\/\/pluennenkreuzer.de\/wordpress\/?page_id=896"},"modified":"2023-03-02T10:47:52","modified_gmt":"2023-03-02T09:47:52","slug":"links-links-links","status":"publish","type":"page","link":"http:\/\/pluennenkreuzer.de\/wordpress\/links-links-links\/","title":{"rendered":"Links, Links &#8230;"},"content":{"rendered":"<p>Noch &#8217;ne Link-Sammlung. G\u00e4\u00e4\u00e4hhn, wie langweilig!<br \/>\nMag sein! Aber warum soll ich nicht anderen, die etwas suchen, eventuell das Leben etwas leichter machen? Selbst auf die Gefahr hin, dass der eine oder andere Link vielleicht mal nicht mehr aktuell ist.<br \/>\nEgal, was ich mal gesucht, zuf\u00e4llig gefunden habe oder mich schlicht interessierte &#8211; vielleicht suchen andere es auch oder es ist auch f\u00fcr sie interessant. Hier also meine st\u00e4ndig wachsende, thematisch geordnete Link-Sammlung, die absolut keinen Anspruch auf Vollst\u00e4ndigkeit erhebt und outdoorpolitisch v\u00f6llig unkorrekt ist:<\/p>\n<p><span style=\"color: #ff0000;\"><strong>A<\/strong><\/span><br \/>\nIn der <a href=\"http:\/\/hytta.de\/toepfe\/index.htm\">STUGA-CABA\u00d1A<\/a> gibts <strong>Aluminium-Geschirr<\/strong> aller Art<br \/>\nPreiswerte und gute <strong>Ausstattung<\/strong> f\u00fcr Outdoor &#8211; <a href=\"https:\/\/www.decathlon.de\/\">Decathlon<br \/>\n<\/a>Ultraleichte <strong>Ausstattung<\/strong> beim <a href=\"http:\/\/www.trekking-lite-store.com\/trekkingshop\/Zelt:::1.html\">Trekking-Lite-Store<br \/>\n<\/a>Ultraleichte <strong>Ausstattung<\/strong> auch bei <a href=\"http:\/\/greenline.de.com\/\">Greenline<\/a><br \/>\nDer <strong>Army-Shop<\/strong> schlechthin &#8211; <a href=\"https:\/\/www.raeer.com\/shopdisplaycategories.asp?oid=49\" target=\"_blank\" rel=\"noopener\">R\u00e4er Versand<\/a><\/p>\n<p><span style=\"color: #ff0000;\"><strong>B<\/strong><\/span><br \/>\n<span style=\"color: #000000;\"><strong>Bicycle Routes &amp; Tours <\/strong>&#8211; <a href=\"https:\/\/www.biroto.eu\/de\/\" target=\"_blank\" rel=\"noopener\">Biroto<\/a> &#8211; Tourenplanung und GPX-Dateien<\/span><strong><br \/>\n<a href=\"https:\/\/www.australienshop.de\/Blundstone-500.html?refID=austral45691&amp;valID=28&amp;gclid=CMbp-azm-NECFRco0wodp8IDQA\" target=\"_blank\" rel=\"noopener\">Blundstone Boots<\/a><\/strong> &#8211; die Schuhoffenbarung aus Australien<strong><br \/>\n<\/strong><\/p>\n<p><span style=\"color: #ff0000;\"><strong>C<br \/>\n<\/strong><span style=\"color: #000000;\">F\u00fcr die <strong>Campingplatz-Suche<\/strong> nutze ich <a href=\"http:\/\/www.archiescampings.eu\/dui1\/\">Archies Campings<\/a><\/span><strong><br \/>\n<\/strong><\/span><\/p>\n<p><strong><span style=\"color: #ff0000;\">D<\/span><\/strong><br \/>\nAlternativer <strong>Diebstahlschutz<\/strong> f\u00fcr Fahrradteile &#8211; HEXLOX<br \/>\nAlu-<a href=\"http:\/\/www.gapados.de\/de\/BlechdosenMetalldosenSchmuckdosen\/ALUminiumdosen?x0b67b=s25h9v6dc73mi9n8s0mku05ob5\"><strong>Dosen<\/strong><\/a> f\u00fcr Karbonfilz-Brenner<br \/>\n<strong>Dynamo-Ladeger\u00e4t<\/strong> <a href=\"http:\/\/www.forumslader.de\/automatiklader\/\">Forumslader Kompakt V5<\/a><\/p>\n<p><span style=\"color: #000000;\"><span style=\"color: #ff0000;\"><strong>E<\/strong><\/span><br \/>\nBei <a href=\"http:\/\/www.sackundpack.de\/product_info.php?products_id=5241\">Sack&amp;Pack<\/a> gibts <strong>Easton Nano Pegs<\/strong> in blau und gelb<br \/>\nDer <a href=\"http:\/\/www.exped.com\/germany\/de\/shop\"><strong>Exped-Werkstattshop<\/strong><\/a> &#8211; das Schn\u00e4ppchenparadies<br \/>\n<a href=\"https:\/\/www.soflow.com\/de\/produkt\/so4-pro-gen-2\/\" target=\"_blank\" rel=\"noopener\">SoFlow SO4 Pro Gen 2<\/a> &#8211; klasse <strong>E-Scooter bis 150 kg<\/strong> Tragf\u00e4higkeit<br \/>\n<strong>Ersatzteile f\u00fcr E-Scooter<\/strong> bei <a href=\"https:\/\/www.sb-electronics.de\/de\/soflow\/so4-pro-gen-2\" target=\"_blank\" rel=\"noopener\">sb-electronics<\/a><br \/>\n<\/span><\/p>\n<p><span style=\"color: #ff0000;\"><strong>F<\/strong><\/span><br \/>\n<strong>Fahrradbeleuchtung<\/strong> ohne Mondscheinpreise von <a href=\"https:\/\/www.kurbelix.de\/fahrradteile\/fahrrad-laufraeder\/\">Spanninga<br \/>\n<\/a>Ordentliche <strong><a href=\"https:\/\/www.kurbelix.de\/fahrradteile\/fahrrad-laufraeder\/\">Fahrrad-Laufr\u00e4der<\/a><\/strong> oder -Teile gibts bei Kurbelix<br \/>\nPreiswerte <a href=\"https:\/\/preiswerte-fahrradteile.de\/\"><strong>Fahrradteile<\/strong><\/a>, der Shopname ist Programm<br \/>\nBei <a href=\"https:\/\/www.bike-components.de\/\">Bike-Components<\/a> gibts viele feine <strong>Fahrradteile<br \/>\n<\/strong>Gebrauchte Koga Miyata <strong>Fahrr\u00e4der<\/strong> gibts beim <a href=\"https:\/\/www.der-kogafan.de\">Koga-Fan<\/a><br \/>\nfaltboot.org &#8211; Die deutsche Seite schlechthin f\u00fcr <strong>Faltboot<\/strong>freunde<br \/>\n<a href=\"http:\/\/www.heise-faltboote.de\/\">Markus Heise<\/a> &#8211; die Adresse f\u00fcr feine, neue <strong>Faltbooth\u00e4ute<br \/>\n<\/strong><a href=\"http:\/\/www.abc-sattlerei.de\/index2.htm\">ABC-Sattlerei<\/a> &#8211; auch hier gibts ordentliche<strong> Faltbooth\u00e4ute<br \/>\n<\/strong>Gute <strong>Fahrradbastelvideos 1<\/strong>: <a href=\"https:\/\/www.youtube.com\/results?search_query=grinsgesicht\">Grinsgesicht<\/a><br \/>\nGute <strong>Fahrradbastelvideos 2<\/strong>: <a href=\"https:\/\/www.youtube.com\/watch?v=f-0jDeH7LcY&amp;list=PL21CC49315AC4A58D\">Bike-Bastl-Wastl<\/a><\/p>\n<p><span style=\"color: #ff0000;\"><strong>G<\/strong><\/span><br \/>\n<strong>GPS<\/strong> Orientierung mit <a href=\"http:\/\/www.locusmap.eu\/de\/\">Locus Map Pro<br \/>\n<\/a><strong>GPS<\/strong> Orientierung mit <a href=\"http:\/\/www.fkk-zeltplatz-amrum.de\/der-zeltplatz\">OruxMaps<br \/>\n<\/a><strong>GPX<\/strong>-Track Archiv f\u00fcr Fu\u00df, Rad und Pferd bei <a href=\"https:\/\/hiking.waymarkedtrails.org\/#?map=6!47.2792!5.9766\">WayMarkedTrails<\/a><br \/>\n<strong>GPX<\/strong>-Archiv und Editor bei <a href=\"https:\/\/www.gpsies.com\/home.do;jsessionid=D3D84BADB646FD896EC5AA603D840F6E.fe3#10_53.90029269016753_10.649871826171875_hikebike\">GPSies<\/a><br \/>\n<strong>GPX<\/strong>-Tracks erstellen mit <a href=\"https:\/\/www.caminaro.com\/\">Caminaro<\/a><br \/>\n<a href=\"https:\/\/www.baender24.de\/index.php\">Baender 24<\/a> biete <strong>Gurtb\u00e4nder<\/strong> aller Art<\/p>\n<p><span style=\"color: #ff0000;\"><strong>H<\/strong><\/span><br \/>\n<strong>H\u00e4ringe<\/strong> von <a href=\"http:\/\/www.wechsel-tents.de\/travel-line\/zubehoer\/\">Wechsel<\/a> &#8211; bei mir sehr bew\u00e4hrt<br \/>\nDer <a href=\"http:\/\/www.stc-shop.ch\/\">Picogrill 85<\/a> ist der leichte, faltbare <strong>Hobokocher<\/strong> meiner Wahl<br \/>\n<strong>H\u00f6henkarten<\/strong> bei <a href=\"http:\/\/de-be.topographic-map.com\/places\/Bretagne-3780503\/\">Topographic-Maps<\/a><br \/>\n<a href=\"https:\/\/tilley.com\/collections\/best-sun-hats\/products\/t3-wanderer-hat-2\" target=\"_blank\" rel=\"noopener\">Tilley T3<\/a> Outdoor <strong>Hut<\/strong>, was sonst?<\/p>\n<p><span style=\"color: #ff0000;\"><strong>I<\/strong><\/span><\/p>\n<p><strong><span style=\"color: #ff0000;\">J<\/span><\/strong><\/p>\n<p><strong><span style=\"color: #ff0000;\">K<\/span><\/strong><br \/>\n<strong><a href=\"http:\/\/www.sackundpack.de\/product_info.php?products_id=5634\">Karbonfilz<\/a><\/strong> f\u00fcr Brenner und Unterlagen<br \/>\n<strong>Kleinteile<\/strong> und <strong>Kurzwaren<\/strong> beim <a href=\"https:\/\/www.thal-versand.de\/index.php\">Thal-Versand<\/a><br \/>\n<strong>Kochrezepte<\/strong> f\u00fcr Camper und Omnia-Freund <a href=\"https:\/\/www.kochen-und-backen-im-wohnmobil.de\/\" target=\"_blank\" rel=\"noopener\">von Doreen<\/a><\/p>\n<p><strong><span style=\"color: #ff0000;\">L<\/span><\/strong><br \/>\n<strong><a href=\"https:\/\/www.laufbursche-gear.de\/\">Laufbursche-Gear<\/a><\/strong> ist <em>das<\/em> deutsche UL-Cottage, z.Z. leider down<br \/>\nAlles rund um <strong>Leder<\/strong> beim <a href=\"http:\/\/www.lederhaus.de\/\">Lederhaus<\/a><\/p>\n<p><span style=\"color: #ff0000;\"><strong>M<\/strong><\/span><br \/>\nWer <strong>Milit\u00e4rausr\u00fcstung<\/strong> sucht sollte dies beim <a href=\"https:\/\/www.raeer.com\/shopdisplaycategories.asp?oid=49\">R\u00e4er-Versand<\/a> tun<\/p>\n<p><span style=\"color: #ff0000;\"><strong>N<\/strong><\/span><br \/>\nBei <a href=\"https:\/\/www.neocreo.com\/Kurzwaren\/Garne\/Amann-Rasant-No-75-1-000m.html?listtype=search&amp;searchparam=rasant\">NeoCreo<\/a> gibts <strong>N\u00e4hgarne<\/strong> f\u00fcr Outdoorprojekte<br \/>\nDie <a href=\"https:\/\/www.veloplus.ch\/AlleProdukte\/Speichen\/AndereSpeichen\/FIBERFIXNotspeicheNBT2Innenringloeser.aspx\">Fiber-Fix<\/a> <strong>Notspeiche<\/strong> aus Kevlar &#8211; ein Muss auf der Radtour<\/p>\n<p><span style=\"color: #ff0000;\"><strong>O<\/strong><\/span><br \/>\n<strong>Open Street Map<\/strong>-Karten bei <a href=\"http:\/\/www.openandromaps.org\/\">OpenAndroMaps<br \/>\n<\/a><em>Das<\/em> Forum schlechthin f\u00fcr <strong>Outdoor<\/strong> ist <a href=\"https:\/\/www.outdoorseiten.net\/forum\/forum.php\">outdoorseiten.net<\/a><br \/>\n<a href=\"https:\/\/www.openstreetmap.org\/#map=6\/51.941\/7.449\" target=\"_blank\" rel=\"noopener\"><strong>Open Street Map<\/strong><\/a><\/p>\n<p><span style=\"color: #ff0000;\"><strong>P<\/strong><\/span><br \/>\nDie Marke f\u00fcr wirklich dichte <strong>Packtaschen<\/strong> f\u00fcrs Fahrrad: <a href=\"https:\/\/www.ortlieb.com\/de\/\">Ortlieb<\/a><br \/>\nBedienungsanleitungen f\u00fcr alte <a href=\"http:\/\/www.sewusa.com\/Sewing_Machine_Manuals\/Pfaff_Sewing_Machines.htm\"><strong>Pfaff<\/strong><\/a>-N\u00e4hmaschinen &#8211; in Englisch<br \/>\nMeine alte Websiten <a href=\"http:\/\/pluennenkreuzer.de\/\"><strong>Pl\u00fcnnenkreuzer &amp; Landg\u00e4nger<br \/>\n<\/strong><\/a><strong><a href=\"http:\/\/skiextreme-shop.de\/epages\/977a9919-c691-4a2d-a956-708119ae0393.sf\/de_DE\/?ObjectPath=\/Shops\/977a9919-c691-4a2d-a956-708119ae0393\/Categories\/2\/7\/44\/185\">Power Lock 2 oder 3<\/a> &#8211;<\/strong> Verstellmechanismus f\u00fcr Stangen<br \/>\n<strong>POI<\/strong> aller Art unterwegs finden mit <a href=\"https:\/\/www.caminaro.com\/\">Caminaro<br \/>\n<\/a><a href=\"http:\/\/www.bruecke-sh.de\/index.php?idm=1.39.140\">Br\u00fccke SH<\/a> &#8211; soziale <strong>Pulverbeschichtung<\/strong> f\u00fcr Fahrradrahmen<\/p>\n<p><span style=\"color: #ff0000;\"><strong>Q<\/strong><\/span><br \/>\n<a href=\"https:\/\/www.quadlockcase.co.uk\/\"><strong>Quad Lock<\/strong><\/a> &#8211; die m.E. derzeit beste Radhalterung f\u00fcr Smartphones<\/p>\n<p><span style=\"color: #ff0000;\"><strong>R<\/strong><\/span><br \/>\n<a href=\"http:\/\/www.rad-forum.de\/\"><strong>Radreise-Forum<\/strong><\/a> &#8211; <em>die<\/em> Infoquelle f\u00fcr Radtouren schlechthin<br \/>\nDas<strong> <a href=\"http:\/\/radreise-wiki.de\/Hauptseite\">Radreise-Wiki<\/a><\/strong> ist ebenfalls klasse f\u00fcr die Tourplanung<br \/>\nWenn <strong>Regenschirm<\/strong>, dann einen von <a href=\"http:\/\/www.euroschirm.com\/\">Euroschirm-G\u00f6bel<br \/>\n<\/a><strong><a href=\"https:\/\/www.raketenofen.de\/einf%C3%BChrung\/historie\/\">Rocket-Stoves<\/a><\/strong> f\u00fcrs Camp<br \/>\n<a href=\"https:\/\/www.openrailwaymap.org\/\" target=\"_blank\" rel=\"noopener\">Open <strong>Railway Map<\/strong><\/a><\/p>\n<p><strong><span style=\"color: #ff0000;\">S<\/span><\/strong><br \/>\nParallogramm gefederte <strong>Sattelst\u00fctzen<\/strong> bis 150 kg! von <a href=\"https:\/\/www.bikes-ebikes.de\/by.schulz_Produkte\/Parallelogramm_Sattelst%C3%BCtzen.html\">by.Schulz<\/a><br \/>\nMein <strong>Smartphonehalter<\/strong> f\u00fcrs Rad &#8211; <a href=\"http:\/\/www.zefal.com\/de\/smartphones-halterung\/355-z-console-universal-l.html\">Zefal Z Console Universal<\/a><br \/>\n<strong>Schn\u00fcre<\/strong> und Leinen aller Art vom <a href=\"http:\/\/www.schnurhaus-onlineshop.de\/\">Schnurhaus<\/a><br \/>\n<a href=\"http:\/\/zenstoves.net\/\">Zen Backpacking Stoves<\/a> ist die Fundgrube f\u00fcr MYOG <strong>Spiritusbrenner<\/strong><br \/>\nLeichte Outdoor-<strong>Stoffe<\/strong> aus den USA von <a href=\"https:\/\/ripstopbytheroll.com\/\">Ripstop by the Roll<\/a><br \/>\nVielf\u00e4ltige Outdoor-<strong>Stoffe<\/strong> und mehr bei <a href=\"http:\/\/www.extremtextil.de\/\">Extremtextil<\/a><br \/>\nAutoterm Air 2D <strong>Standheizung<\/strong> &#8211; Kaufen und Einbauen bei <a href=\"https:\/\/www.heatsys.de\/index.php\/pakete\/teilumbau\" target=\"_blank\" rel=\"noopener\">Heatsys<\/a><br \/>\nDie <strong>Stellplatzsuche f\u00fcr Camper<\/strong> &#8211; <a href=\"https:\/\/www.park4night.com\/?langage=de\" target=\"_blank\" rel=\"noopener\">park4night<\/a> -auch als App<\/p>\n<p><strong><span style=\"color: #ff0000;\">T<\/span><\/strong><br \/>\n<a href=\"http:\/\/trangia.se\/\"><strong>Trangia<\/strong><\/a> &#8211; die Sturmkocher-Legende<br \/>\nBei den <a href=\"http:\/\/www.versandmittelprofis.de\/epages\/es10459309.sf\/de_DE\/?ObjectPath=\/Shops\/es10459309_LB\/Categories\/Tyvek_174\/Tyvek_174__Rollenware\">Versandmittelprofis<\/a> gibts <strong>Tyvek<\/strong> aller Art<br \/>\n<strong><a href=\"https:\/\/opentopomap.org\/#map=8\/53.7016\/9.6790\" target=\"_blank\" rel=\"noopener\">Topografische Karte<\/a><\/strong><\/p>\n<p><span style=\"color: #ff0000;\"><strong>U<\/strong><\/span><br \/>\n<em>Das<\/em> Forum f\u00fcr leichtes unterwegs sein ist <a href=\"https:\/\/www.ultraleicht-trekking.com\/forum\/index.php\"><strong>Ultraleicht<\/strong> Trekking<\/a><\/p>\n<p><strong><span style=\"color: #ff0000;\">W<\/span><br \/>\n<\/strong>Claudias Outdoor-Blog, der<strong><a href=\"https:\/\/www.wanderluchs.de\/\"> Wanderluchs<br \/>\n<\/a><\/strong>Unterkunft f\u00fcr Radreisende<strong><a href=\"https:\/\/www.warmshowers.org\/\"> Warmshowers<br \/>\n<\/a><a href=\"https:\/\/www.wetteronline.de\/temperatur-karte\/europa?fcdatstr=20180426\">Wetter<\/a><\/strong> mit einem Blick auf diverse Karten<strong><br \/>\n<\/strong> <strong> <a href=\"https:\/\/de.wordpress.org\/\">WordPress<\/a><\/strong> &#8211; meine Blog-Software, ich finde sie einfach klasse!<\/p>\n<p><span style=\"color: #ff0000;\"><strong>X<\/strong><\/span><\/p>\n<p><span style=\"color: #ff0000;\"><strong>Y<\/strong><\/span><\/p>\n<p><span style=\"color: #ff0000;\"><strong>Z<\/strong><\/span><br \/>\nMini-<strong>Zahnkranzabnehmer<\/strong> von Unior Bike Tools bei <a href=\"http:\/\/Unior Bike Tools Zahnkranzabnehmer\">Bike24<\/a><a href=\"http:\/\/www.fkk-zeltplatz-amrum.de\/der-zeltplatz\"><br \/>\nFKK-<\/a><a href=\"http:\/\/www.fkk-zeltplatz-amrum.de\/der-zeltplatz\"><strong>Zeltplatz<\/strong> auf Amrum<\/a>, herrlich naturnah in den D\u00fcnen gelegen<br \/>\nEinfache <a href=\"http:\/\/www.friluftsraadet.dk\/overnatningidetfri\"><strong>Zeltpl\u00e4tze<\/strong> in D\u00e4nemark<\/a><br \/>\n<strong>Zeltplatz<\/strong> am <a href=\"http:\/\/www.haveltourist.de\/campingplatz-mecklenburgische-seenplatte\/campingplatz-am-useriner-see.html\">Useriner See<\/a> &#8211; meine Nummer 2<br \/>\nLeichte <strong>Zelte<\/strong>, angemessener Preis bei <a href=\"http:\/\/www.retail.luxeoutdoor.de\/\">Luxe Outdoor<\/a><br \/>\nUltraleichte <strong>Zelte<\/strong> gibt es bei Tarptent<br \/>\n<strong>Zelte<\/strong> aus Baumwolle von <a href=\"http:\/\/www.atomatent.nl\">Atomatent<\/a> aus Holland<br \/>\nKlassiker aus Holland &#8211; Baumwoll<strong>zelte<\/strong> von <a href=\"https:\/\/www.dewaardtenten.nl\">De Waard<\/a><br \/>\nBei <a href=\"https:\/\/www.esvocampingshop.com\/de\/\">ESVO<\/a> gibts leichte BW-<strong>Zeltstoffe<\/strong> und preiswerte Zeltstangen<br \/>\n<strong>Z\u00fcndstahl<\/strong> f\u00fcrs Victorinox &#8211; &#8222;<a href=\"https:\/\/www.kickstarter.com\/projects\/740457940\/firefly-the-ultimate-swiss-army-knife-accessory\">Firefly<\/a>&#8222;<\/p>\n","protected":false},"excerpt":{"rendered":"<p>Noch &#8217;ne Link-Sammlung. G\u00e4\u00e4\u00e4hhn, wie langweilig! Mag sein! Aber warum soll ich nicht anderen, die etwas suchen, eventuell das Leben etwas leichter machen? Selbst auf die Gefahr hin, dass der eine oder andere Link vielleicht mal nicht mehr aktuell ist. Egal, was ich mal gesucht, zuf\u00e4llig gefunden habe oder mich schlicht interessierte &#8211; vielleicht suchen &hellip; <\/p>\n<p class=\"link-more\"><a href=\"http:\/\/pluennenkreuzer.de\/wordpress\/links-links-links\/\" class=\"more-link\"><span class=\"screen-reader-text\">\u201eLinks, Links &#8230;\u201c <\/span>weiterlesen<\/a><\/p>\n","protected":false},"author":1,"featured_media":907,"parent":0,"menu_order":0,"comment_status":"closed","ping_status":"closed","template":"","meta":{"advgb_blocks_editor_width":"","advgb_blocks_columns_visual_guide":"","jetpack_post_was_ever_published":false,"footnotes":""},"class_list":["post-896","page","type-page","status-publish","has-post-thumbnail","hentry"],"coauthors":[],"author_meta":{"author_link":"http:\/\/pluennenkreuzer.de\/wordpress\/author\/hal23562\/","display_name":"hal23562"},"relative_dates":{"created":"Ver\u00f6ffentlicht 9\u00a0Jahren vor","modified":"Aktualisiert 3\u00a0Jahren vor"},"absolute_dates":{"created":"Ver\u00f6ffentlicht am 11. Mai 2017","modified":"Aktualisiert am 2. M\u00e4rz 2023"},"absolute_dates_time":{"created":"Ver\u00f6ffentlicht am 11. Mai 2017 15:38","modified":"Aktualisiert am 2. M\u00e4rz 2023 10:47"},"featured_img_caption":"","featured_img":"http:\/\/pluennenkreuzer.de\/wordpress\/wp-content\/uploads\/2017\/05\/Link800.jpg","series_order":"","jetpack_shortlink":"https:\/\/wp.me\/P8YOGW-es","jetpack_likes_enabled":true,"jetpack_sharing_enabled":true,"_links":{"self":[{"href":"http:\/\/pluennenkreuzer.de\/wordpress\/wp-json\/wp\/v2\/pages\/896","targetHints":{"allow":["GET"]}}],"collection":[{"href":"http:\/\/pluennenkreuzer.de\/wordpress\/wp-json\/wp\/v2\/pages"}],"about":[{"href":"http:\/\/pluennenkreuzer.de\/wordpress\/wp-json\/wp\/v2\/types\/page"}],"author":[{"embeddable":true,"href":"http:\/\/pluennenkreuzer.de\/wordpress\/wp-json\/wp\/v2\/users\/1"}],"replies":[{"embeddable":true,"href":"http:\/\/pluennenkreuzer.de\/wordpress\/wp-json\/wp\/v2\/comments?post=896"}],"version-history":[{"count":68,"href":"http:\/\/pluennenkreuzer.de\/wordpress\/wp-json\/wp\/v2\/pages\/896\/revisions"}],"predecessor-version":[{"id":8616,"href":"http:\/\/pluennenkreuzer.de\/wordpress\/wp-json\/wp\/v2\/pages\/896\/revisions\/8616"}],"wp:featuredmedia":[{"embeddable":true,"href":"http:\/\/pluennenkreuzer.de\/wordpress\/wp-json\/wp\/v2\/media\/907"}],"wp:attachment":[{"href":"http:\/\/pluennenkreuzer.de\/wordpress\/wp-json\/wp\/v2\/media?parent=896"}],"curies":[{"name":"wp","href":"https:\/\/api.w.org\/{rel}","templated":true}]}}